{"id":640,"date":"2024-07-03T16:32:03","date_gmt":"2024-07-03T13:32:03","guid":{"rendered":"https:\/\/cars.autoplus.com.ua\/polityka-prywatnosci\/"},"modified":"2024-07-20T12:59:51","modified_gmt":"2024-07-20T09:59:51","slug":"polityka-prywatnosci","status":"publish","type":"page","link":"https:\/\/cars.autoplus.com.ua\/pl\/polityka-prywatnosci\/","title":{"rendered":"Polityka prywatno\u015bci"},"content":{"rendered":"\n<h1 class=\"wp-block-heading\">Polityka prywatno\u015bci<\/h1>\n\n<p>Dzi\u0119kujemy za odwiedzenie cars.autoplus.com.ua. Ochrona prywatno\u015bci jest dla nas priorytetem, dlatego zobowi\u0105zujemy si\u0119 chroni\u0107 informacje, kt\u00f3re nam Pa\u0144stwo przekazuj\u0105 podczas korzystania z naszej strony internetowej. Niniejsza polityka prywatno\u015bci wyja\u015bnia, w jaki spos\u00f3b zbieramy, wykorzystujemy, przetwarzamy i chronimy Pa\u0144stwa dane osobowe.<\/p>\n\n<h2 class=\"wp-block-heading\">Zbieranie i wykorzystywanie informacji<\/h2>\n\n<p>Mo\u017cemy zbiera\u0107 r\u00f3\u017cnorodne informacje, w tym Pa\u0144stwa imi\u0119, adres e-mail, dane kontaktowe oraz inne informacje, kt\u00f3re przekazuj\u0105 nam Pa\u0144stwo podczas rejestracji na naszej stronie, subskrypcji newslettera lub wype\u0142niania formularzy na stronie. Wykorzystujemy te informacje wy\u0142\u0105cznie do cel\u00f3w, dla kt\u00f3rych zosta\u0142y one przekazane, takich jak \u015bwiadczenie \u017c\u0105danych us\u0142ug lub dostarczanie informacji.<\/p>\n\n<h2 class=\"wp-block-heading\">Ochrona Pa\u0144stwa informacji<\/h2>\n\n<p>Przestrzegamy odpowiednich \u015brodk\u00f3w technicznych i organizacyjnych w celu ochrony Pa\u0144stwa danych osobowych przed utrat\u0105, nieautoryzowanym dost\u0119pem, u\u017cyciem, modyfikacj\u0105 lub ujawnieniem. Regularnie przegl\u0105damy nasze procedury przechowywania i przetwarzania informacji, aby zapewni\u0107 ich zgodno\u015b\u0107 z przepisami dotycz\u0105cymi prywatno\u015bci.<\/p>\n\n<h2 class=\"wp-block-heading\">Wykorzystanie plik\u00f3w cookies<\/h2>\n\n<p>Nasza strona internetowa mo\u017ce wykorzystywa\u0107 pliki cookies w celu poprawy do\u015bwiadcze\u0144 u\u017cytkownik\u00f3w. Mog\u0105 Pa\u0144stwo zrezygnowa\u0107 z u\u017cywania plik\u00f3w cookies w ustawieniach swojej przegl\u0105darki, jednak mo\u017ce to prowadzi\u0107 do ograniczenia funkcjonalno\u015bci niekt\u00f3rych cz\u0119\u015bci naszej strony internetowej.<\/p>\n\n<h2 class=\"wp-block-heading\">Zmiany w polityce prywatno\u015bci<\/h2>\n\n<p>Od czasu do czasu mo\u017cemy aktualizowa\u0107 t\u0119 polityk\u0119 prywatno\u015bci, publikuj\u0105c now\u0105 wersj\u0119 na naszej stronie internetowej. Zalecamy okresowe sprawdzanie tej strony, aby by\u0107 na bie\u017c\u0105co z wszelkimi zmianami.<\/p>\n\n<h2 class=\"wp-block-heading\">Kontakt z nami<\/h2>\n\n<p>Je\u015bli maj\u0105 Pa\u0144stwo pytania dotycz\u0105ce naszej polityki prywatno\u015bci, prosimy o kontakt pod adresem <a href=\"mailto:info@autoplus.com.ua\"> info@autoplus.com.ua<\/a><\/p>\n","protected":false},"excerpt":{"rendered":"<p>Polityka prywatno\u015bci Dzi\u0119kujemy za odwiedzenie cars.autoplus.com.ua. Ochrona prywatno\u015bci jest dla nas priorytetem, dlatego zobowi\u0105zujemy si\u0119 chroni\u0107 informacje, kt\u00f3re nam Pa\u0144stwo przekazuj\u0105 podczas korzystania z naszej strony internetowej. Niniejsza polityka prywatno\u015bci wyja\u015bnia, w jaki spos\u00f3b zbieramy, wykorzystujemy, przetwarzamy i chronimy Pa\u0144stwa dane osobowe. Zbieranie i wykorzystywanie informacji Mo\u017cemy zbiera\u0107 r\u00f3\u017cnorodne informacje, w tym Pa\u0144stwa imi\u0119, adres [&#8230;]\n","protected":false},"author":1,"featured_media":0,"parent":0,"menu_order":0,"comment_status":"closed","ping_status":"closed","template":"","meta":{"footnotes":""},"class_list":["post-640","page","type-page","status-publish","hentry"],"yoast_head":"<!-- This site is optimized with the Yoast SEO plugin v23.0 - https:\/\/yoast.com\/wordpress\/plugins\/seo\/ -->\n<title>Polityka prywatno\u015bci - \u041a\u0443\u043f\u0438\u0442\u0438 \u0430\u0432\u0442\u043e \u0432 \u041f\u043e\u043b\u044c\u0449\u0456<\/title>\n<meta name=\"robots\" content=\"index, follow, max-snippet:-1, max-image-preview:large, max-video-preview:-1\" \/>\n<link rel=\"canonical\" href=\"https:\/\/cars.autoplus.com.ua\/pl\/polityka-prywatnosci\/\" \/>\n<meta property=\"og:locale\" content=\"pl_PL\" \/>\n<meta property=\"og:type\" content=\"article\" \/>\n<meta property=\"og:title\" content=\"Polityka prywatno\u015bci - \u041a\u0443\u043f\u0438\u0442\u0438 \u0430\u0432\u0442\u043e \u0432 \u041f\u043e\u043b\u044c\u0449\u0456\" \/>\n<meta property=\"og:description\" content=\"Polityka prywatno\u015bci Dzi\u0119kujemy za odwiedzenie cars.autoplus.com.ua. Ochrona prywatno\u015bci jest dla nas priorytetem, dlatego zobowi\u0105zujemy si\u0119 chroni\u0107 informacje, kt\u00f3re nam Pa\u0144stwo przekazuj\u0105 podczas korzystania z naszej strony internetowej. Niniejsza polityka prywatno\u015bci wyja\u015bnia, w jaki spos\u00f3b zbieramy, wykorzystujemy, przetwarzamy i chronimy Pa\u0144stwa dane osobowe. Zbieranie i wykorzystywanie informacji Mo\u017cemy zbiera\u0107 r\u00f3\u017cnorodne informacje, w tym Pa\u0144stwa imi\u0119, adres [...]\" \/>\n<meta property=\"og:url\" content=\"https:\/\/cars.autoplus.com.ua\/pl\/polityka-prywatnosci\/\" \/>\n<meta property=\"og:site_name\" content=\"\u041a\u0443\u043f\u0438\u0442\u0438 \u0430\u0432\u0442\u043e \u0432 \u041f\u043e\u043b\u044c\u0449\u0456\" \/>\n<meta property=\"article:modified_time\" content=\"2024-07-20T09:59:51+00:00\" \/>\n<meta name=\"twitter:card\" content=\"summary_large_image\" \/>\n<meta name=\"twitter:label1\" content=\"Szacowany czas czytania\" \/>\n\t<meta name=\"twitter:data1\" content=\"1 minuta\" \/>\n<script type=\"application\/ld+json\" class=\"yoast-schema-graph\">{\"@context\":\"https:\/\/schema.org\",\"@graph\":[{\"@type\":\"WebPage\",\"@id\":\"https:\/\/cars.autoplus.com.ua\/pl\/polityka-prywatnosci\/\",\"url\":\"https:\/\/cars.autoplus.com.ua\/pl\/polityka-prywatnosci\/\",\"name\":\"Polityka prywatno\u015bci - \u041a\u0443\u043f\u0438\u0442\u0438 \u0430\u0432\u0442\u043e \u0432 \u041f\u043e\u043b\u044c\u0449\u0456\",\"isPartOf\":{\"@id\":\"https:\/\/cars.autoplus.com.ua\/#website\"},\"datePublished\":\"2024-07-03T13:32:03+00:00\",\"dateModified\":\"2024-07-20T09:59:51+00:00\",\"breadcrumb\":{\"@id\":\"https:\/\/cars.autoplus.com.ua\/pl\/polityka-prywatnosci\/#breadcrumb\"},\"inLanguage\":\"pl-PL\",\"potentialAction\":[{\"@type\":\"ReadAction\",\"target\":[\"https:\/\/cars.autoplus.com.ua\/pl\/polityka-prywatnosci\/\"]}]},{\"@type\":\"BreadcrumbList\",\"@id\":\"https:\/\/cars.autoplus.com.ua\/pl\/polityka-prywatnosci\/#breadcrumb\",\"itemListElement\":[{\"@type\":\"ListItem\",\"position\":1,\"name\":\"\u0413\u043e\u043b\u043e\u0432\u043d\u0430\",\"item\":\"https:\/\/cars.autoplus.com.ua\/pl\/\"},{\"@type\":\"ListItem\",\"position\":2,\"name\":\"Polityka prywatno\u015bci\"}]},{\"@type\":\"WebSite\",\"@id\":\"https:\/\/cars.autoplus.com.ua\/#website\",\"url\":\"https:\/\/cars.autoplus.com.ua\/\",\"name\":\"\u041a\u0443\u043f\u0438\u0442\u0438 \u0430\u0432\u0442\u043e \u0432 \u041f\u043e\u043b\u044c\u0449\u0456\",\"description\":\"\",\"potentialAction\":[{\"@type\":\"SearchAction\",\"target\":{\"@type\":\"EntryPoint\",\"urlTemplate\":\"https:\/\/cars.autoplus.com.ua\/?s={search_term_string}\"},\"query-input\":\"required name=search_term_string\"}],\"inLanguage\":\"pl-PL\"}]}<\/script>\n<!-- \/ Yoast SEO plugin. -->","yoast_head_json":{"title":"Polityka prywatno\u015bci - \u041a\u0443\u043f\u0438\u0442\u0438 \u0430\u0432\u0442\u043e \u0432 \u041f\u043e\u043b\u044c\u0449\u0456","robots":{"index":"index","follow":"follow","max-snippet":"max-snippet:-1","max-image-preview":"max-image-preview:large","max-video-preview":"max-video-preview:-1"},"canonical":"https:\/\/cars.autoplus.com.ua\/pl\/polityka-prywatnosci\/","og_locale":"pl_PL","og_type":"article","og_title":"Polityka prywatno\u015bci - \u041a\u0443\u043f\u0438\u0442\u0438 \u0430\u0432\u0442\u043e \u0432 \u041f\u043e\u043b\u044c\u0449\u0456","og_description":"Polityka prywatno\u015bci Dzi\u0119kujemy za odwiedzenie cars.autoplus.com.ua. Ochrona prywatno\u015bci jest dla nas priorytetem, dlatego zobowi\u0105zujemy si\u0119 chroni\u0107 informacje, kt\u00f3re nam Pa\u0144stwo przekazuj\u0105 podczas korzystania z naszej strony internetowej. Niniejsza polityka prywatno\u015bci wyja\u015bnia, w jaki spos\u00f3b zbieramy, wykorzystujemy, przetwarzamy i chronimy Pa\u0144stwa dane osobowe. Zbieranie i wykorzystywanie informacji Mo\u017cemy zbiera\u0107 r\u00f3\u017cnorodne informacje, w tym Pa\u0144stwa imi\u0119, adres [...]","og_url":"https:\/\/cars.autoplus.com.ua\/pl\/polityka-prywatnosci\/","og_site_name":"\u041a\u0443\u043f\u0438\u0442\u0438 \u0430\u0432\u0442\u043e \u0432 \u041f\u043e\u043b\u044c\u0449\u0456","article_modified_time":"2024-07-20T09:59:51+00:00","twitter_card":"summary_large_image","twitter_misc":{"Szacowany czas czytania":"1 minuta"},"schema":{"@context":"https:\/\/schema.org","@graph":[{"@type":"WebPage","@id":"https:\/\/cars.autoplus.com.ua\/pl\/polityka-prywatnosci\/","url":"https:\/\/cars.autoplus.com.ua\/pl\/polityka-prywatnosci\/","name":"Polityka prywatno\u015bci - \u041a\u0443\u043f\u0438\u0442\u0438 \u0430\u0432\u0442\u043e \u0432 \u041f\u043e\u043b\u044c\u0449\u0456","isPartOf":{"@id":"https:\/\/cars.autoplus.com.ua\/#website"},"datePublished":"2024-07-03T13:32:03+00:00","dateModified":"2024-07-20T09:59:51+00:00","breadcrumb":{"@id":"https:\/\/cars.autoplus.com.ua\/pl\/polityka-prywatnosci\/#breadcrumb"},"inLanguage":"pl-PL","potentialAction":[{"@type":"ReadAction","target":["https:\/\/cars.autoplus.com.ua\/pl\/polityka-prywatnosci\/"]}]},{"@type":"BreadcrumbList","@id":"https:\/\/cars.autoplus.com.ua\/pl\/polityka-prywatnosci\/#breadcrumb","itemListElement":[{"@type":"ListItem","position":1,"name":"\u0413\u043e\u043b\u043e\u0432\u043d\u0430","item":"https:\/\/cars.autoplus.com.ua\/pl\/"},{"@type":"ListItem","position":2,"name":"Polityka prywatno\u015bci"}]},{"@type":"WebSite","@id":"https:\/\/cars.autoplus.com.ua\/#website","url":"https:\/\/cars.autoplus.com.ua\/","name":"\u041a\u0443\u043f\u0438\u0442\u0438 \u0430\u0432\u0442\u043e \u0432 \u041f\u043e\u043b\u044c\u0449\u0456","description":"","potentialAction":[{"@type":"SearchAction","target":{"@type":"EntryPoint","urlTemplate":"https:\/\/cars.autoplus.com.ua\/?s={search_term_string}"},"query-input":"required name=search_term_string"}],"inLanguage":"pl-PL"}]}},"_links":{"self":[{"href":"https:\/\/cars.autoplus.com.ua\/pl\/wp-json\/wp\/v2\/pages\/640","targetHints":{"allow":["GET"]}}],"collection":[{"href":"https:\/\/cars.autoplus.com.ua\/pl\/wp-json\/wp\/v2\/pages"}],"about":[{"href":"https:\/\/cars.autoplus.com.ua\/pl\/wp-json\/wp\/v2\/types\/page"}],"author":[{"embeddable":true,"href":"https:\/\/cars.autoplus.com.ua\/pl\/wp-json\/wp\/v2\/users\/1"}],"replies":[{"embeddable":true,"href":"https:\/\/cars.autoplus.com.ua\/pl\/wp-json\/wp\/v2\/comments?post=640"}],"version-history":[{"count":1,"href":"https:\/\/cars.autoplus.com.ua\/pl\/wp-json\/wp\/v2\/pages\/640\/revisions"}],"predecessor-version":[{"id":641,"href":"https:\/\/cars.autoplus.com.ua\/pl\/wp-json\/wp\/v2\/pages\/640\/revisions\/641"}],"wp:attachment":[{"href":"https:\/\/cars.autoplus.com.ua\/pl\/wp-json\/wp\/v2\/media?parent=640"}],"curies":[{"name":"wp","href":"https:\/\/api.w.org\/{rel}","templated":true}]}}