{"id":1963,"date":"2024-07-13T08:19:10","date_gmt":"2024-07-13T05:19:10","guid":{"rendered":"https:\/\/cars.autoplus.com.ua\/wp-global-styles-flatsome-child\/"},"modified":"2026-02-03T18:11:48","modified_gmt":"2026-02-03T15:11:48","slug":"kontakty","status":"publish","type":"page","link":"https:\/\/cars.autoplus.com.ua\/pl\/kontakty\/","title":{"rendered":"Kontakty"},"content":{"rendered":"\n<div class=\"row row-collapse row-full-width\"  id=\"row-122203268\">\n\n\n\t<div id=\"col-913536727\" class=\"col small-12 large-12\"  >\n\t\t\t\t<div class=\"col-inner\"  >\n\t\t\t\n\t\t\t\n\n\t<section class=\"section has-parallax\" id=\"section_937699713\">\n\t\t<div class=\"bg section-bg fill bg-fill  \" data-parallax-container=\".section\" data-parallax-background data-parallax=\"-2\">\n\n\t\t\t\n\t\t\t<div class=\"section-bg-overlay absolute fill\"><\/div>\n\t\t\t\n\n\t\t<\/div>\n\n\t\t\n\n\t\t<div class=\"section-content relative\">\n\t\t\t\n\n<div class=\"row row-collapse align-center\" style=\"max-width:\" id=\"row-1929513242\">\n\n\n\t<div id=\"col-488616927\" class=\"col small-12 large-12\"  >\n\t\t\t\t<div class=\"col-inner text-center dark\"  >\n\t\t\t\n\t\t\t\n\n<h1><span class=\"is-xxlarge\">Nasze kontakty<\/span><\/h1>\n\n\t\t<\/div>\n\t\t\t\t\n<style>\n#col-488616927 > .col-inner {\n  padding: 100px 20px 200px 0px;\n}\n@media (min-width:550px) {\n  #col-488616927 > .col-inner {\n    padding: 100px 0px 200px 0px;\n  }\n}\n<\/style>\n\t<\/div>\n\n\t\n\n<\/div>\n\n\t\t<\/div>\n\n\t\t\n<style>\n#section_937699713 {\n  padding-top: 0px;\n  padding-bottom: 0px;\n  min-height: 0px;\n}\n#section_937699713 .section-bg-overlay {\n  background-color: rgba(0, 0, 0, 0.12);\n}\n#section_937699713 .section-bg.bg-loaded {\n  background-image: url(https:\/\/cars.autoplus.com.ua\/wp-content\/uploads\/2024\/07\/\u0414\u043e\u0441\u0442\u0430\u0432\u043b\u0435\u043d\u043d\u044f-\u0430\u0432\u0442\u043e-\u0437-\u0410\u043d\u0433\u043b\u0456\u0457-\u0432-\u0423\u043a\u0440\u0430\u0457\u043d\u0443-scaled.jpg);\n}\n#section_937699713 .section-bg {\n  background-position: 55% 100%;\n}\n@media (min-width:550px) {\n  #section_937699713 {\n    padding-top: 0px;\n    padding-bottom: 0px;\n  }\n  #section_937699713 .section-bg-overlay {\n    background-color: rgba(0, 0, 0, 0.21);\n  }\n}\n@media (min-width:850px) {\n  #section_937699713 {\n    padding-top: 100px;\n    padding-bottom: 100px;\n  }\n  #section_937699713 .section-bg-overlay {\n    background-color: rgba(13, 13, 13, 0.762);\n  }\n}\n<\/style>\n\t<\/section>\n\t\n\n\t\t<\/div>\n\t\t\t\t\n<style>\n#col-913536727 > .col-inner {\n  padding: 0px 0px 0px 0px;\n}\n<\/style>\n\t<\/div>\n\n\t\n\n<\/div>\n<div class=\"row row-large\" style=\"max-width:1400px\" id=\"row-357826874\">\n\n\n\t<div id=\"col-2137578620\" class=\"col small-12 large-12\"  >\n\t\t\t\t<div class=\"col-inner\" style=\"background-color:rgb(255, 255, 255);\" >\n\t\t\t\n\t\t\t\n\n<div class=\"row row-collapse row-full-width\"  id=\"row-1833987824\">\n\n\n\t<div id=\"col-1920268616\" class=\"col medium-12 small-12 large-6\"  >\n\t\t\t\t<div class=\"col-inner\"  >\n\t\t\t\n\t\t\t\n\n\t<div id=\"gap-468533510\" class=\"gap-element clearfix\" style=\"display:block; height:auto;\">\n\t\t\n<style>\n#gap-468533510 {\n  padding-top: 20px;\n}\n@media (min-width:550px) {\n  #gap-468533510 {\n    padding-top: 20px;\n  }\n}\n@media (min-width:850px) {\n  #gap-468533510 {\n    padding-top: 30px;\n  }\n}\n<\/style>\n\t<\/div>\n\t\n\n<div class=\"row\"  id=\"row-350925840\">\n\n\n\t<div id=\"col-563342165\" class=\"col medium-6 small-12 large-6\"  >\n\t\t\t\t<div class=\"col-inner\"  >\n\t\t\t\n\t\t\t\n\n\t<div class=\"img has-hover x md-x lg-x y md-y lg-y\" id=\"image_2030734595\">\n\t\t\t\t\t\t\t\t<div class=\"img-inner dark\" >\n\t\t\t<img loading=\"lazy\" decoding=\"async\" width=\"1\" height=\"1\" src=\"https:\/\/cars.autoplus.com.ua\/wp-content\/uploads\/2024\/07\/11.svg\" class=\"attachment-thumbnail size-thumbnail\" alt=\"\" \/>\t\t\t\t\t\t\n\t\t\t\t\t<\/div>\n\t\t\t\t\t\t\t\t\n<style>\n#image_2030734595 {\n  width: 15%;\n}\n@media (min-width:550px) {\n  #image_2030734595 {\n    width: 20%;\n  }\n}\n<\/style>\n\t<\/div>\n\t\n\n<p><span class=\"uppercase\">Adres<br><\/span><\/p>\n<p class=\"elementor-heading-title elementor-size-default\">Auto Plus Sp z o. o.<br>Stefana Okrzei 25 Przemysl <br>37-700<\/p>\n\n\t\t<\/div>\n\t\t\t\t\t<\/div>\n\n\t\n\n\t<div id=\"col-710051736\" class=\"col medium-5 small-12 large-6\"  >\n\t\t\t\t<div class=\"col-inner\"  >\n\t\t\t\n\t\t\t\n\n\t<div class=\"img has-hover x md-x lg-x y md-y lg-y\" id=\"image_1018849797\">\n\t\t\t\t\t\t\t\t<div class=\"img-inner dark\" >\n\t\t\t<img loading=\"lazy\" decoding=\"async\" width=\"1\" height=\"1\" src=\"https:\/\/cars.autoplus.com.ua\/wp-content\/uploads\/2024\/07\/1.svg\" class=\"attachment-thumbnail size-thumbnail\" alt=\"\" \/>\t\t\t\t\t\t\n\t\t\t\t\t<\/div>\n\t\t\t\t\t\t\t\t\n<style>\n#image_1018849797 {\n  width: 15%;\n}\n@media (min-width:550px) {\n  #image_1018849797 {\n    width: 20%;\n  }\n}\n<\/style>\n\t<\/div>\n\t\n\n<p><span class=\"uppercase\">Godziny pracy<br><\/span><\/p>\n<p>Od poniedzia\u0142ku do pi\u0105tku od 9:00 do 18:00<\/p>\n\n\t\t<\/div>\n\t\t\t\t\t<\/div>\n\n\t\n\n<\/div>\n<div class=\"row\"  id=\"row-1980507528\">\n\n\n\t<div id=\"col-1736779994\" class=\"col medium-6 small-12 large-6\"  >\n\t\t\t\t<div class=\"col-inner\"  >\n\t\t\t\n\t\t\t\n\n\t<div class=\"img has-hover x md-x lg-x y md-y lg-y\" id=\"image_511108257\">\n\t\t\t\t\t\t\t\t<div class=\"img-inner dark\" >\n\t\t\t<img loading=\"lazy\" decoding=\"async\" width=\"1\" height=\"1\" src=\"https:\/\/cars.autoplus.com.ua\/wp-content\/uploads\/2024\/07\/4.svg\" class=\"attachment-thumbnail size-thumbnail\" alt=\"\" \/>\t\t\t\t\t\t\n\t\t\t\t\t<\/div>\n\t\t\t\t\t\t\t\t\n<style>\n#image_511108257 {\n  width: 15%;\n}\n@media (min-width:550px) {\n  #image_511108257 {\n    width: 20%;\n  }\n}\n<\/style>\n\t<\/div>\n\t\n\n<p><span class=\"uppercase\">E-mail<\/span><\/p>\n<p><a href=\"mailto:info@autoplus.com.ua\">info@autoplus.com.ua<\/a><\/p>\n\n\t\t<\/div>\n\t\t\t\t\t<\/div>\n\n\t\n\n\t<div id=\"col-1924644560\" class=\"col medium-6 small-12 large-6\"  >\n\t\t\t\t<div class=\"col-inner\"  >\n\t\t\t\n\t\t\t\n\n\t<div class=\"img has-hover x md-x lg-x y md-y lg-y\" id=\"image_484497442\">\n\t\t\t\t\t\t\t\t<div class=\"img-inner dark\" >\n\t\t\t<img loading=\"lazy\" decoding=\"async\" width=\"1\" height=\"1\" src=\"https:\/\/cars.autoplus.com.ua\/wp-content\/uploads\/2024\/07\/3.svg\" class=\"attachment-thumbnail size-thumbnail\" alt=\"\" \/>\t\t\t\t\t\t\n\t\t\t\t\t<\/div>\n\t\t\t\t\t\t\t\t\n<style>\n#image_484497442 {\n  width: 15%;\n}\n@media (min-width:550px) {\n  #image_484497442 {\n    width: 20%;\n  }\n}\n<\/style>\n\t<\/div>\n\t\n\n<p><span class=\"uppercase\">telefony<\/span><\/p>\n<p><a class=\"link\" href=\"tel:+380674240646\" target=\"_blank\" rel=\"noopener\">+38(067)42-40-646<\/a><\/p>\n<p><a class=\"link\" href=\"tel:+48889563888\" target=\"_blank\" rel=\"noopener\">+48(889)563888<\/a><\/p>\n<p><a class=\"link\" href=\"tel:+48730540646\" target=\"_blank\" rel=\"noopener\">+48(730)540646<\/a><\/p>\n\n\t\t<\/div>\n\t\t\t\t\t<\/div>\n\n\t\n\n<\/div>\n\n\t\t<\/div>\n\t\t\t\t\n<style>\n#col-1920268616 > .col-inner {\n  padding: 0px 0px 0px 20px;\n}\n<\/style>\n\t<\/div>\n\n\t\n\n\t<div id=\"col-1085349452\" class=\"col medium-12 small-12 large-6\"  >\n\t\t\t\t<div class=\"col-inner\"  >\n\t\t\t\n\t\t\t\n\n\t<div id=\"text-4014756174\" class=\"text\">\n\t\t\n\n<h2>Zadaj pytanie<\/h2>\n\t\t\n<style>\n#text-4014756174 {\n  font-size: 1.75rem;\n}\n<\/style>\n\t<\/div>\n\t\n\t<div id=\"gap-1165920149\" class=\"gap-element clearfix\" style=\"display:block; height:auto;\">\n\t\t\n<style>\n#gap-1165920149 {\n  padding-top: 20px;\n}\n@media (min-width:550px) {\n  #gap-1165920149 {\n    padding-top: 20px;\n  }\n}\n@media (min-width:850px) {\n  #gap-1165920149 {\n    padding-top: 30px;\n  }\n}\n<\/style>\n\t<\/div>\n\t\n\n\n<div class=\"wpcf7 no-js\" id=\"wpcf7-f700-o1\" lang=\"pl-PL\" dir=\"ltr\">\n<div class=\"screen-reader-response\"><p role=\"status\" aria-live=\"polite\" aria-atomic=\"true\"><\/p> <ul><\/ul><\/div>\n<form action=\"\/pl\/wp-json\/wp\/v2\/pages\/1963#wpcf7-f700-o1\" method=\"post\" class=\"wpcf7-form init\" aria-label=\"Formularz kontaktowy\" novalidate=\"novalidate\" data-status=\"init\">\n<div style=\"display: none;\">\n<input type=\"hidden\" name=\"_wpcf7\" value=\"700\" \/>\n<input type=\"hidden\" name=\"_wpcf7_version\" value=\"5.9.6\" \/>\n<input type=\"hidden\" name=\"_wpcf7_locale\" value=\"pl_PL\" \/>\n<input type=\"hidden\" name=\"_wpcf7_unit_tag\" value=\"wpcf7-f700-o1\" \/>\n<input type=\"hidden\" name=\"_wpcf7_container_post\" value=\"0\" \/>\n<input type=\"hidden\" name=\"_wpcf7_posted_data_hash\" value=\"\" \/>\n<\/div>\n<p><label> Twoje imi\u0119* <span class=\"wpcf7-form-control-wrap\" data-name=\"your-name\"><input size=\"40\" maxlength=\"80\" class=\"wpcf7-form-control wpcf7-text wpcf7-validates-as-required\" autocomplete=\"name\" aria-required=\"true\" aria-invalid=\"false\" value=\"\" type=\"text\" name=\"your-name\" \/><\/span> <\/label>\n<\/p>\n<p><label> Tw\u00f3j email* <span class=\"wpcf7-form-control-wrap\" data-name=\"your-email\"><input size=\"40\" maxlength=\"80\" class=\"wpcf7-form-control wpcf7-email wpcf7-validates-as-required wpcf7-text wpcf7-validates-as-email\" autocomplete=\"email\" aria-required=\"true\" aria-invalid=\"false\" value=\"\" type=\"email\" name=\"your-email\" \/><\/span> <\/label>\n<\/p>\n<p><label> Twoja wiadomo\u015b\u0107 * <span class=\"wpcf7-form-control-wrap\" data-name=\"your-message\"><textarea cols=\"40\" rows=\"10\" maxlength=\"400\" class=\"wpcf7-form-control wpcf7-textarea wpcf7-validates-as-required\" aria-required=\"true\" aria-invalid=\"false\" name=\"your-message\"><\/textarea><\/span> <\/label>\n<\/p>\n<p><input class=\"wpcf7-form-control wpcf7-submit has-spinner\" type=\"submit\" value=\"Wy\u015blij\" \/>\n<\/p><div class=\"wpcf7-response-output\" aria-hidden=\"true\"><\/div>\n<\/form>\n<\/div>\n\n\n\n\t\t<\/div>\n\t\t\t\t\t<\/div>\n\n\t\n\n\n<style>\n#row-1833987824 > .col > .col-inner {\n  padding: 0px 15px 0px 15px;\n}\n<\/style>\n<\/div>\n\n\t\t<\/div>\n\t\t\t\t\n<style>\n#col-2137578620 > .col-inner {\n  padding: 50px 20px 0px 20px;\n  margin: -0 0px 0px 0px;\n}\n@media (min-width:550px) {\n  #col-2137578620 > .col-inner {\n    padding: 50px 20px 30px 20px;\n    margin: 0 0px 0px 0px;\n  }\n}\n@media (min-width:850px) {\n  #col-2137578620 > .col-inner {\n    padding: 66px 5% 16px 5%;\n    margin: -135px 0px 0px 0px;\n  }\n}\n<\/style>\n\t<\/div>\n\n\t\n\n<\/div>\n\n","protected":false},"excerpt":{"rendered":"","protected":false},"author":1,"featured_media":0,"parent":0,"menu_order":0,"comment_status":"closed","ping_status":"closed","template":"","meta":{"footnotes":""},"class_list":["post-1963","page","type-page","status-publish","hentry"],"yoast_head":"<!-- This site is optimized with the Yoast SEO plugin v23.0 - https:\/\/yoast.com\/wordpress\/plugins\/seo\/ -->\n<title>Kontakty - \u041a\u0443\u043f\u0438\u0442\u0438 \u0430\u0432\u0442\u043e \u0432 \u041f\u043e\u043b\u044c\u0449\u0456<\/title>\n<meta name=\"description\" content=\"&quot;Oferujemy korzystne warunki, kt\u00f3re pozwalaj\u0105 znacznie zaoszcz\u0119dzi\u0107 na zakupie samochodu.&quot;\" \/>\n<meta name=\"robots\" content=\"index, follow, max-snippet:-1, max-image-preview:large, max-video-preview:-1\" \/>\n<link rel=\"canonical\" href=\"https:\/\/cars.autoplus.com.ua\/pl\/kontakty\/\" \/>\n<meta property=\"og:locale\" content=\"pl_PL\" \/>\n<meta property=\"og:type\" content=\"article\" \/>\n<meta property=\"og:title\" content=\"Kontakty - \u041a\u0443\u043f\u0438\u0442\u0438 \u0430\u0432\u0442\u043e \u0432 \u041f\u043e\u043b\u044c\u0449\u0456\" \/>\n<meta property=\"og:description\" content=\"&quot;Oferujemy korzystne warunki, kt\u00f3re pozwalaj\u0105 znacznie zaoszcz\u0119dzi\u0107 na zakupie samochodu.&quot;\" \/>\n<meta property=\"og:url\" content=\"https:\/\/cars.autoplus.com.ua\/pl\/kontakty\/\" \/>\n<meta property=\"og:site_name\" content=\"\u041a\u0443\u043f\u0438\u0442\u0438 \u0430\u0432\u0442\u043e \u0432 \u041f\u043e\u043b\u044c\u0449\u0456\" \/>\n<meta property=\"article:modified_time\" content=\"2026-02-03T15:11:48+00:00\" \/>\n<meta name=\"twitter:card\" content=\"summary_large_image\" \/>\n<meta name=\"twitter:label1\" content=\"Szacowany czas czytania\" \/>\n\t<meta name=\"twitter:data1\" content=\"1 minuta\" \/>\n<script type=\"application\/ld+json\" class=\"yoast-schema-graph\">{\"@context\":\"https:\/\/schema.org\",\"@graph\":[{\"@type\":\"WebPage\",\"@id\":\"https:\/\/cars.autoplus.com.ua\/pl\/kontakty\/\",\"url\":\"https:\/\/cars.autoplus.com.ua\/pl\/kontakty\/\",\"name\":\"Kontakty - \u041a\u0443\u043f\u0438\u0442\u0438 \u0430\u0432\u0442\u043e \u0432 \u041f\u043e\u043b\u044c\u0449\u0456\",\"isPartOf\":{\"@id\":\"https:\/\/cars.autoplus.com.ua\/#website\"},\"datePublished\":\"2024-07-13T05:19:10+00:00\",\"dateModified\":\"2026-02-03T15:11:48+00:00\",\"description\":\"\\\"Oferujemy korzystne warunki, kt\u00f3re pozwalaj\u0105 znacznie zaoszcz\u0119dzi\u0107 na zakupie samochodu.\\\"\",\"breadcrumb\":{\"@id\":\"https:\/\/cars.autoplus.com.ua\/pl\/kontakty\/#breadcrumb\"},\"inLanguage\":\"pl-PL\",\"potentialAction\":[{\"@type\":\"ReadAction\",\"target\":[\"https:\/\/cars.autoplus.com.ua\/pl\/kontakty\/\"]}]},{\"@type\":\"BreadcrumbList\",\"@id\":\"https:\/\/cars.autoplus.com.ua\/pl\/kontakty\/#breadcrumb\",\"itemListElement\":[{\"@type\":\"ListItem\",\"position\":1,\"name\":\"\u0413\u043e\u043b\u043e\u0432\u043d\u0430\",\"item\":\"https:\/\/cars.autoplus.com.ua\/pl\/\"},{\"@type\":\"ListItem\",\"position\":2,\"name\":\"Kontakty\"}]},{\"@type\":\"WebSite\",\"@id\":\"https:\/\/cars.autoplus.com.ua\/#website\",\"url\":\"https:\/\/cars.autoplus.com.ua\/\",\"name\":\"\u041a\u0443\u043f\u0438\u0442\u0438 \u0430\u0432\u0442\u043e \u0432 \u041f\u043e\u043b\u044c\u0449\u0456\",\"description\":\"\",\"potentialAction\":[{\"@type\":\"SearchAction\",\"target\":{\"@type\":\"EntryPoint\",\"urlTemplate\":\"https:\/\/cars.autoplus.com.ua\/?s={search_term_string}\"},\"query-input\":\"required name=search_term_string\"}],\"inLanguage\":\"pl-PL\"}]}<\/script>\n<!-- \/ Yoast SEO plugin. -->","yoast_head_json":{"title":"Kontakty - \u041a\u0443\u043f\u0438\u0442\u0438 \u0430\u0432\u0442\u043e \u0432 \u041f\u043e\u043b\u044c\u0449\u0456","description":"\"Oferujemy korzystne warunki, kt\u00f3re pozwalaj\u0105 znacznie zaoszcz\u0119dzi\u0107 na zakupie samochodu.\"","robots":{"index":"index","follow":"follow","max-snippet":"max-snippet:-1","max-image-preview":"max-image-preview:large","max-video-preview":"max-video-preview:-1"},"canonical":"https:\/\/cars.autoplus.com.ua\/pl\/kontakty\/","og_locale":"pl_PL","og_type":"article","og_title":"Kontakty - \u041a\u0443\u043f\u0438\u0442\u0438 \u0430\u0432\u0442\u043e \u0432 \u041f\u043e\u043b\u044c\u0449\u0456","og_description":"\"Oferujemy korzystne warunki, kt\u00f3re pozwalaj\u0105 znacznie zaoszcz\u0119dzi\u0107 na zakupie samochodu.\"","og_url":"https:\/\/cars.autoplus.com.ua\/pl\/kontakty\/","og_site_name":"\u041a\u0443\u043f\u0438\u0442\u0438 \u0430\u0432\u0442\u043e \u0432 \u041f\u043e\u043b\u044c\u0449\u0456","article_modified_time":"2026-02-03T15:11:48+00:00","twitter_card":"summary_large_image","twitter_misc":{"Szacowany czas czytania":"1 minuta"},"schema":{"@context":"https:\/\/schema.org","@graph":[{"@type":"WebPage","@id":"https:\/\/cars.autoplus.com.ua\/pl\/kontakty\/","url":"https:\/\/cars.autoplus.com.ua\/pl\/kontakty\/","name":"Kontakty - \u041a\u0443\u043f\u0438\u0442\u0438 \u0430\u0432\u0442\u043e \u0432 \u041f\u043e\u043b\u044c\u0449\u0456","isPartOf":{"@id":"https:\/\/cars.autoplus.com.ua\/#website"},"datePublished":"2024-07-13T05:19:10+00:00","dateModified":"2026-02-03T15:11:48+00:00","description":"\"Oferujemy korzystne warunki, kt\u00f3re pozwalaj\u0105 znacznie zaoszcz\u0119dzi\u0107 na zakupie samochodu.\"","breadcrumb":{"@id":"https:\/\/cars.autoplus.com.ua\/pl\/kontakty\/#breadcrumb"},"inLanguage":"pl-PL","potentialAction":[{"@type":"ReadAction","target":["https:\/\/cars.autoplus.com.ua\/pl\/kontakty\/"]}]},{"@type":"BreadcrumbList","@id":"https:\/\/cars.autoplus.com.ua\/pl\/kontakty\/#breadcrumb","itemListElement":[{"@type":"ListItem","position":1,"name":"\u0413\u043e\u043b\u043e\u0432\u043d\u0430","item":"https:\/\/cars.autoplus.com.ua\/pl\/"},{"@type":"ListItem","position":2,"name":"Kontakty"}]},{"@type":"WebSite","@id":"https:\/\/cars.autoplus.com.ua\/#website","url":"https:\/\/cars.autoplus.com.ua\/","name":"\u041a\u0443\u043f\u0438\u0442\u0438 \u0430\u0432\u0442\u043e \u0432 \u041f\u043e\u043b\u044c\u0449\u0456","description":"","potentialAction":[{"@type":"SearchAction","target":{"@type":"EntryPoint","urlTemplate":"https:\/\/cars.autoplus.com.ua\/?s={search_term_string}"},"query-input":"required name=search_term_string"}],"inLanguage":"pl-PL"}]}},"_links":{"self":[{"href":"https:\/\/cars.autoplus.com.ua\/pl\/wp-json\/wp\/v2\/pages\/1963","targetHints":{"allow":["GET"]}}],"collection":[{"href":"https:\/\/cars.autoplus.com.ua\/pl\/wp-json\/wp\/v2\/pages"}],"about":[{"href":"https:\/\/cars.autoplus.com.ua\/pl\/wp-json\/wp\/v2\/types\/page"}],"author":[{"embeddable":true,"href":"https:\/\/cars.autoplus.com.ua\/pl\/wp-json\/wp\/v2\/users\/1"}],"replies":[{"embeddable":true,"href":"https:\/\/cars.autoplus.com.ua\/pl\/wp-json\/wp\/v2\/comments?post=1963"}],"version-history":[{"count":11,"href":"https:\/\/cars.autoplus.com.ua\/pl\/wp-json\/wp\/v2\/pages\/1963\/revisions"}],"predecessor-version":[{"id":2019,"href":"https:\/\/cars.autoplus.com.ua\/pl\/wp-json\/wp\/v2\/pages\/1963\/revisions\/2019"}],"wp:attachment":[{"href":"https:\/\/cars.autoplus.com.ua\/pl\/wp-json\/wp\/v2\/media?parent=1963"}],"curies":[{"name":"wp","href":"https:\/\/api.w.org\/{rel}","templated":true}]}}